{"id":25,"date":"2017-10-12T16:31:58","date_gmt":"2017-10-12T16:31:58","guid":{"rendered":"https:\/\/websitedemos.net\/wordpress-agency-04\/?page_id=25"},"modified":"2025-08-14T17:56:44","modified_gmt":"2025-08-14T17:56:44","slug":"about","status":"publish","type":"page","link":"https:\/\/www.magnusagency.com\/tr\/about\/","title":{"rendered":"Hakk\u0131m\u0131zda"},"content":{"rendered":"<h3>B\u0130Z K\u0130M\u0130Z,<\/h3><h1>We&#8217;re a elite soccer agency <\/h1>\n\t\t\t\t<a href=\"https:\/\/www.magnusagency.com\/tr\/working-with-fifa-agent-in-canada\/\" target=\"_self\">Bir FIFA Ajans\u0131yla \u00c7al\u0131\u015fman\u0131n Avantajlar\u0131n\u0131 \u00d6\u011frenin<\/a>\t\t\t\n\t<h2>\n\t\t\t\tTeklifimiz\n\t\t\t<\/h2>\n\t\t<h4>we specialize in player development in all aspects \/ career \/ technical, cognitive &#038; mental development.<\/h4>\t\t\t\n\t\t\t\t<p>Lider acentenin kabul\u00fc ve oyuncular\u0131m\u0131z\u0131n bizimle futbol yolculu\u011funa ba\u015flamas\u0131n\u0131n ard\u0131ndan davet edilmesi halinde. Futboldaki ama\u00e7 ve hedeflerini ana hatlar\u0131yla ortaya koyarak kariyerlerini kolayla\u015ft\u0131r\u0131yoruz. Bu belirlendikten sonra ayr\u0131nt\u0131l\u0131 kariyer plan\u0131n\u0131n ana hatlar\u0131 \u00e7izilir. Bunu teknik, taktiksel veya 1v1 oturumlar\u0131nda iyile\u015ftirme i\u00e7in haftal\u0131k oturum takip eder.\u00a0<\/p>\n<p>Mental strength is determined by constant work. And focus is not only on the field but off it as well. We don&#8217;t leave any stone unturned. But we require full commitment on the part of our players.\u00a0<\/p>\n\t\t\t\t<img decoding=\"async\" data-src=\"https:\/\/www.magnusagency.com\/wp-content\/uploads\/2022\/04\/IMG_6609-768x1024.jpg\" alt=\"IMG_6609\" title=\"IMG_6609\" itemprop=\"image\" src=\"data:image\/svg+xml;base64,PHN2ZyB3aWR0aD0iMSIgaGVpZ2h0PSIxIiB4bWxucz0iaHR0cDovL3d3dy53My5vcmcvMjAwMC9zdmciPjwvc3ZnPg==\" class=\"lazyload\" style=\"--smush-placeholder-width: 768px; --smush-placeholder-aspect-ratio: 768\/1024;\" \/>\n\t<h2>\n\t\t\t\tOUR TEAM\n\t\t\t<\/h2>\n\t\t\t\t<img decoding=\"async\" data-src=\"https:\/\/www.magnusagency.com\/wp-content\/uploads\/2023\/07\/Cenker.jpeg\" alt=\"Cenker\" title=\"Cenker\" itemprop=\"image\" src=\"data:image\/svg+xml;base64,PHN2ZyB3aWR0aD0iMSIgaGVpZ2h0PSIxIiB4bWxucz0iaHR0cDovL3d3dy53My5vcmcvMjAwMC9zdmciPjwvc3ZnPg==\" class=\"lazyload\" style=\"--smush-placeholder-width: 907px; --smush-placeholder-aspect-ratio: 907\/1024;\" \/>\n\t\t\t\t<img decoding=\"async\" data-src=\"https:\/\/www.magnusagency.com\/wp-content\/uploads\/2025\/08\/Magnus_Camilo_1.jpg\" alt=\"OLYMPUS DIGITAL CAMERA\" title=\"OLYMPUS DIGITAL CAMERA\" itemprop=\"image\" src=\"data:image\/svg+xml;base64,PHN2ZyB3aWR0aD0iMSIgaGVpZ2h0PSIxIiB4bWxucz0iaHR0cDovL3d3dy53My5vcmcvMjAwMC9zdmciPjwvc3ZnPg==\" class=\"lazyload\" style=\"--smush-placeholder-width: 3215px; --smush-placeholder-aspect-ratio: 3215\/4287;\" \/>\n\t\t<h5>fifa agent (license ID &#8211; 11VX304) \/ uefa licensed coach<\/h5><h2>Bedir \u00d6zdemir<\/h2>\t\t\t\n\t\t\t\tAll my career, main focus has been player growth and why few become a pro footballers.\n\u00a0\nTo learn about this, I&#8217;ve started my journey as a football enthusiast growing up in Canada. Hence my early 20&#8217;s I&#8217;ve travelled and lived in U.K. Here I obtained my licenses for all age groups, solidified my network and learned from the elite coaches in the sport.\u00a0\n\u00a0\nWhy did I start off with this story? I want my clients to understand their weaknesses and work on them, have total focus in honing their skills both on and off the field I don&#8217;t want them to leave a stone unturned, our journey for your growth will be a continuous. My clients know I&#8217;m never satisfied in spite of success, because failure is not far away and to be an elite footballer, mindset and hard work ethics are important. You should know, I&#8217;ve got a strong foundation coaching young players as a professional coach.\u00a0\n\u00a0\nAnd I&#8217;ve coached with various Turkish Super Lig Academies Galatasaray &amp; Besiktas to name a few.\u00a0\n\u00a0\nI have stepped out of football and diverged in to law to understand contract law. And worked as a licensed life coach. Now I can truly work with my clients 1 on 1 with their way to becoming a professional. This type of partnership might not work for most people, but with the right character and talent, I know we can reach unbelievable career success together. There won&#8217;t be any &#8220;luck in your growth&#8221; because, we will work night and day, everyday until you&#8217;ve completed a career you can look back and be happy about.\u00a0\n\t\t\t<a href=\"mailto: bedir@magnusagency.com\" title=\"Click Here\" target=\"_self\"   role=\"button\" aria-label=\"BED\u0130R \u0130LE \u0130LET\u0130\u015e\u0130M\">\n\t\t\t\t\t\t\t\t\t\t\tBED\u0130R \u0130LE \u0130LET\u0130\u015e\u0130M\n\t\t<\/a>\n\t\t<h5>head scout &#038; administrator<\/h5><h2>Cenker Muhammad <\/h2>\t\t\t\n\t\t\t\t<p>Hayat\u0131m boyunca profesyonel futbolcular\u0131n performanslar\u0131n\u0131 analiz ederek ve ba\u015far\u0131lar\u0131 i\u00e7in zihinsel ve fiziksel olarak destekleyerek tam potansiyellerine ula\u015fmalar\u0131na adad\u0131m.<\/p>\n<p>Kariyerime 2018 y\u0131l\u0131nda 17 ya\u015f\u0131mda ba\u015flad\u0131m ve T\u00fcrkiye'den profesyonel futbolcularla \u00e7al\u0131\u015fmaya ba\u015flad\u0131m. Markalar\u0131n\u0131 sosyal medyada pazarlamaya ba\u015flad\u0131m ve 20 futbolcudan olu\u015fan bir m\u00fc\u015fteri kitlesine ula\u015farak bu ba\u015far\u0131l\u0131 oldu. Ba\u011flant\u0131lar b\u00fcy\u00fcmeye ba\u015flad\u0131k\u00e7a bu \u00e7al\u0131\u015fmay\u0131 sadece marka pazarlamaya odaklanmak yerine performans analizine ta\u015f\u0131mak istedim. 2019 y\u0131l\u0131n\u0131n sonlar\u0131nda performans analizlerini de eklemeye ba\u015flad\u0131m ve \u00f6zveri ve s\u0131k\u0131 \u00e7al\u0131\u015fmayla birlikte \u00e7al\u0131\u015ft\u0131\u011f\u0131m futbolcular performanslar\u0131yla daha da ba\u015far\u0131l\u0131 oldular ve kendilerini g\u00f6rmek istedikleri yere ula\u015ft\u0131lar.<\/p>\n<p>This work I&#8217;ve mastered took me into the direction of making connections and clientele of over 80 footballers; not only Turkish football but, additionally Gulf football in Asia, European and Domestically in Canada.<\/p>\n<p>Kariyerime futbol k\u00fclt\u00fcr\u00fcme bir yenisi daha eklendi, birlikte \u00e7al\u0131\u015ft\u0131\u011f\u0131m kul\u00fcplere ve futbolcu arkada\u015flar\u0131ma transfer deste\u011fi ald\u0131m. Birlikte \u00e7al\u0131\u015ft\u0131\u011f\u0131m futbolcu arkada\u015flar\u0131m\u0131n yak\u0131n ili\u015fki i\u00e7erisinde oldu\u011fum kul\u00fcplere transferlerini ba\u015far\u0131yla tamamlad\u0131m.<\/p>\n<p>Magnus FA, kariyerimde yerli potansiyel yeteneklere odaklanmak ve onlar\u0131 profesyonel futbolcu olma hayallerini ger\u00e7ekle\u015ftirmeye adamak istedi\u011fim yeni bir b\u00f6l\u00fcm. Ben ve Magnus FA, hedeflerle, niyetle, s\u0131k\u0131 \u00e7al\u0131\u015fmayla ve \u00f6zveriyle sizin ve kendimiz i\u00e7in bir hikaye yazmak i\u00e7in buraday\u0131z, sonu\u00e7lar gelir ve biz de sizin i\u00e7in buraday\u0131z.<\/p>\n\t\t\t<a href=\"mailto: cenker@magnusagency.com\" title=\"Click Here\" target=\"_self\"   role=\"button\" aria-label=\"cenker&#039;le ileti\u015fime ge\u00e7in\">\n\t\t\t\t\t\t\t\t\t\t\tcenker'le ileti\u015fime ge\u00e7in\n\t\t<\/a>\n\t\t<h5>scout<\/h5><h2>Camilo Mateus Eraso<\/h2>\t\t\t\n\t\t\t\t<p>Like many kids in Colombia, I grew up with a ball at my feet. Life eventually led me down a different path &#8211; a successful decade-long career in advertising, working with major brands and earning international awards. But football never left me. It wasn&#8217;t at my feet anymore, but it was constantly on my mind. I breathed the game.<\/p>\n<p>After moving to Canada, I decided to pursue a lifelong dream: to enter the world of football. I knew I needed to develop key skills &#8211; observation, analysis, tactical awareness. So I spent several years working in video game quality assurance, sharpening my attention to detail and learning how to interpret complex systems. More\u00a0recently, I completed specialized courses in scouting and football data analysis.<\/p>\n<p>I&#8217;ve since been actively attending semi-professional league matches in Quebec &#8211; identifying young talent, learning the dynamics of the local football landscape, and producing technical and strategic scouting reports. I truly believe that my background allows me to bring a fresh, multidisciplinary perspective to scouting &#8211; one that combines creative insight, structured analysis, and a deep passion for the game.<\/p>\n<p>Now, through Magnus, I&#8217;m focused on helping emerging players reach their dream of becoming professional footballers, while continuing to fulfill my own dream: contributing to the game with a unique blend of experience, intuition, and vision.<\/p>\n\t\t\t<a href=\"mailto: Camilomateus@magnusagency.com\" title=\"Click Here\" target=\"_self\"   role=\"button\" aria-label=\"contact Camilo\">\n\t\t\t\t\t\t\t\t\t\t\tcontact Camilo\n\t\t<\/a>\n\t\t\t\t<img decoding=\"async\" data-src=\"https:\/\/www.magnusagency.com\/wp-content\/uploads\/2023\/12\/11.-Jamal-Mensah-683x1024.jpeg\" alt=\"11.-Jamal-Mensah\" title=\"11.-Jamal-Mensah\" itemprop=\"image\" src=\"data:image\/svg+xml;base64,PHN2ZyB3aWR0aD0iMSIgaGVpZ2h0PSIxIiB4bWxucz0iaHR0cDovL3d3dy53My5vcmcvMjAwMC9zdmciPjwvc3ZnPg==\" class=\"lazyload\" style=\"--smush-placeholder-width: 683px; --smush-placeholder-aspect-ratio: 683\/1024;\" \/>\n\t\t\t\t<img decoding=\"async\" data-src=\"https:\/\/www.magnusagency.com\/wp-content\/uploads\/2023\/07\/Phanuel-Gunn-Team-Ontario-768x1024.jpeg\" alt=\"Phanuel Gunn Team Ontario\" title=\"Phanuel Gunn Team Ontario\" itemprop=\"image\" src=\"data:image\/svg+xml;base64,PHN2ZyB3aWR0aD0iMSIgaGVpZ2h0PSIxIiB4bWxucz0iaHR0cDovL3d3dy53My5vcmcvMjAwMC9zdmciPjwvc3ZnPg==\" class=\"lazyload\" style=\"--smush-placeholder-width: 768px; --smush-placeholder-aspect-ratio: 768\/1024;\" \/>\n\t\t\t\t<img decoding=\"async\" data-src=\"https:\/\/www.magnusagency.com\/wp-content\/uploads\/2023\/07\/Abiel-Gunn-1024x804.png\" alt=\"Abiel Gunn\" title=\"Abiel Gunn\" itemprop=\"image\" src=\"data:image\/svg+xml;base64,PHN2ZyB3aWR0aD0iMSIgaGVpZ2h0PSIxIiB4bWxucz0iaHR0cDovL3d3dy53My5vcmcvMjAwMC9zdmciPjwvc3ZnPg==\" class=\"lazyload\" style=\"--smush-placeholder-width: 1024px; --smush-placeholder-aspect-ratio: 1024\/804;\" \/>\n\t\t\t\t<img decoding=\"async\" data-src=\"https:\/\/www.magnusagency.com\/wp-content\/uploads\/2023\/07\/TFC-Phanuel-Gunn.jpg\" alt=\"TFC Phanuel Gunn\" title=\"TFC Phanuel Gunn\" itemprop=\"image\" src=\"data:image\/svg+xml;base64,PHN2ZyB3aWR0aD0iMSIgaGVpZ2h0PSIxIiB4bWxucz0iaHR0cDovL3d3dy53My5vcmcvMjAwMC9zdmciPjwvc3ZnPg==\" class=\"lazyload\" style=\"--smush-placeholder-width: 1440px; --smush-placeholder-aspect-ratio: 1440\/1440;\" \/>\n\t<h6>\n\t\t\t\tOUR PLAYERS\n\t\t\t<\/h6>\n\t\t\t\t<img decoding=\"async\" data-src=\"https:\/\/www.magnusagency.com\/wp-content\/uploads\/2018\/03\/vertical-separator-free-img.png\" alt=\"vertical-separator-free-img\" title=\"vertical-separator-free-img\" itemprop=\"image\" src=\"data:image\/svg+xml;base64,PHN2ZyB3aWR0aD0iMSIgaGVpZ2h0PSIxIiB4bWxucz0iaHR0cDovL3d3dy53My5vcmcvMjAwMC9zdmciPjwvc3ZnPg==\" class=\"lazyload\" style=\"--smush-placeholder-width: 1px; --smush-placeholder-aspect-ratio: 1\/40;\" \/>\n\t\t<h2>elit gen\u00e7 oyuncular<\/h2>\t\t\t\n\t\t\t\t<p>Oyuncular\u0131m\u0131z. Yeni nesil futbolcular. Futbolda ve kariyerlerinde ba\u015far\u0131ya ula\u015fmak i\u00e7in s\u00fcrekli motive, a\u00e7 ve \u00e7abalayan ki\u015filerdir.<\/p>\n\t\t\t<a href=\"\" title=\"Click Here\" target=\"_self\"   role=\"button\" aria-label=\"Bize Ula\u015f\u0131n\">\n\t\t\t\t\t\t\tBize Ula\u015f\u0131n\n\t\t<\/a>\n\t\t\t\t<img decoding=\"async\" data-src=\"https:\/\/www.magnusagency.com\/wp-content\/uploads\/2018\/03\/vertical-separator-free-img.png\" alt=\"vertical-separator-free-img\" title=\"vertical-separator-free-img\" itemprop=\"image\" src=\"data:image\/svg+xml;base64,PHN2ZyB3aWR0aD0iMSIgaGVpZ2h0PSIxIiB4bWxucz0iaHR0cDovL3d3dy53My5vcmcvMjAwMC9zdmciPjwvc3ZnPg==\" class=\"lazyload\" style=\"--smush-placeholder-width: 1px; --smush-placeholder-aspect-ratio: 1\/40;\" \/>\n\t<h2>\n\t\t\t\t\u0130zcilerimiz yeni yetenekler ke\u015ffetmek i\u00e7in \u00e7al\u0131\u015f\u0131yor\n\t\t\t<\/h2>\n\t\t\t<a href=\"#\" title=\"Click Here\" target=\"_self\"   role=\"button\" aria-label=\"Bize Ula\u015f\u0131n\">\n\t\t\t\t\t\t\tBize Ula\u015f\u0131n\n\t\t<\/a>","protected":false},"excerpt":{"rendered":"<p>WHO WE ARE, We&#8217;re a elite soccer agency Find Out the Benefits of Working With an FIFA Agency what we offer we specialize in player development in all aspects \/ career \/ technical, cognitive &#038; mental development. Upon acceptance from lead agent, and invitation once our players begin their football journey with us. We simplify [&hellip;]<\/p>\n","protected":false},"author":1,"featured_media":0,"parent":0,"menu_order":0,"comment_status":"closed","ping_status":"closed","template":"","meta":{"site-sidebar-layout":"no-sidebar","site-content-layout":"page-builder","ast-site-content-layout":"default","site-content-style":"default","site-sidebar-style":"default","ast-global-header-display":"","ast-banner-title-visibility":"","ast-main-header-display":"","ast-hfb-above-header-display":"","ast-hfb-below-header-display":"","ast-hfb-mobile-header-display":"","site-post-title":"disabled","ast-breadcrumbs-content":"","ast-featured-img":"disabled","footer-sml-layout":"","ast-disable-related-posts":"","theme-transparent-header-meta":"enabled","adv-header-id-meta":"","stick-header-meta":"","header-above-stick-meta":"","header-main-stick-meta":"","header-below-stick-meta":"","astra-migrate-meta-layouts":"default","ast-page-background-enabled":"default","ast-page-background-meta":{"desktop":{"background-color":"","background-image":"","background-repeat":"repeat","background-position":"center center","background-size":"auto","background-attachment":"scroll","background-type":"","background-media":"","overlay-type":"","overlay-color":"","overlay-opacity":"","overlay-gradient":""},"tablet":{"background-color":"","background-image":"","background-repeat":"repeat","background-position":"center center","background-size":"auto","background-attachment":"scroll","background-type":"","background-media":"","overlay-type":"","overlay-color":"","overlay-opacity":"","overlay-gradient":""},"mobile":{"background-color":"","background-image":"","background-repeat":"repeat","background-position":"center center","background-size":"auto","background-attachment":"scroll","background-type":"","background-media":"","overlay-type":"","overlay-color":"","overlay-opacity":"","overlay-gradient":""}},"ast-content-background-meta":{"desktop":{"background-color":"var(--ast-global-color-5)","background-image":"","background-repeat":"repeat","background-position":"center center","background-size":"auto","background-attachment":"scroll","background-type":"","background-media":"","overlay-type":"","overlay-color":"","overlay-opacity":"","overlay-gradient":""},"tablet":{"background-color":"var(--ast-global-color-5)","background-image":"","background-repeat":"repeat","background-position":"center center","background-size":"auto","background-attachment":"scroll","background-type":"","background-media":"","overlay-type":"","overlay-color":"","overlay-opacity":"","overlay-gradient":""},"mobile":{"background-color":"var(--ast-global-color-5)","background-image":"","background-repeat":"repeat","background-position":"center center","background-size":"auto","background-attachment":"scroll","background-type":"","background-media":"","overlay-type":"","overlay-color":"","overlay-opacity":"","overlay-gradient":""}},"footnotes":""},"class_list":["post-25","page","type-page","status-publish","hentry"],"_links":{"self":[{"href":"https:\/\/www.magnusagency.com\/tr\/wp-json\/wp\/v2\/pages\/25","targetHints":{"allow":["GET"]}}],"collection":[{"href":"https:\/\/www.magnusagency.com\/tr\/wp-json\/wp\/v2\/pages"}],"about":[{"href":"https:\/\/www.magnusagency.com\/tr\/wp-json\/wp\/v2\/types\/page"}],"author":[{"embeddable":true,"href":"https:\/\/www.magnusagency.com\/tr\/wp-json\/wp\/v2\/users\/1"}],"replies":[{"embeddable":true,"href":"https:\/\/www.magnusagency.com\/tr\/wp-json\/wp\/v2\/comments?post=25"}],"version-history":[{"count":31,"href":"https:\/\/www.magnusagency.com\/tr\/wp-json\/wp\/v2\/pages\/25\/revisions"}],"predecessor-version":[{"id":1762,"href":"https:\/\/www.magnusagency.com\/tr\/wp-json\/wp\/v2\/pages\/25\/revisions\/1762"}],"wp:attachment":[{"href":"https:\/\/www.magnusagency.com\/tr\/wp-json\/wp\/v2\/media?parent=25"}],"curies":[{"name":"wp","href":"https:\/\/api.w.org\/{rel}","templated":true}]}}