{"id":26,"date":"2017-10-12T16:31:59","date_gmt":"2017-10-12T16:31:59","guid":{"rendered":"https:\/\/websitedemos.net\/wordpress-agency-04\/?page_id=26"},"modified":"2023-12-21T16:57:13","modified_gmt":"2023-12-21T16:57:13","slug":"services","status":"publish","type":"page","link":"https:\/\/www.magnusagency.com\/tr\/services\/","title":{"rendered":"Hizmetler"},"content":{"rendered":"<h3>Ne Yap\u0131yoruz?<\/h3><h1>gen\u00e7 oyuncular\u0131n profesyonelle\u015fmesi i\u00e7in bir platform sunuyoruz.<\/h1>\n\t\t\t\t<a href=\"https:\/\/www.magnusagency.com\/tr\/working-with-fifa-agent-in-canada\/\" target=\"_self\" rel=\"noopener\">Daha fazlas\u0131n\u0131 bul.<\/a>\t\t\t\n\t<h2>\n\t\t\t\tf\u0131rsatlar\n\t\t\t<\/h2>\n\t\t<h4>bir yetene\u011fin belirlenmesi<\/h4>\t\t\t\n\t\t\t\t<p>We constantly scout for new talent. Our clients are identified using our in scouting technologies. We constantly identify target players and focus on their development. There is no certain age for scouting, it&#8217;s all about the potential and raw talent<\/p>\n\t\t<h4>Profesyonel olmak i\u00e7in ham yetenekleri \u015fekillendirmek<\/h4>\t\t\t\n\t\t\t\t<p>Profesyonel bir oyuncu olmak kolay bir i\u015f de\u011fildir ve oyuncunun yetene\u011fi veya profili ne olursa olsun ba\u011fl\u0131l\u0131k gerektirir. Tam zamanl\u0131 bir i\u015ftir, s\u00fcrekli geli\u015fim ve kendine inanma yolculu\u011fudur.\u00a0<\/p>\n\t\t<h4>taktik, teknik ve ki\u015fisel geli\u015fim. <\/h4>\t\t\t\n\t\t\t\t<p>\u00c7al\u0131\u015fma s\u00fcreklidir ve oyuncunun saha i\u00e7i\/saha d\u0131\u015f\u0131 kararl\u0131l\u0131\u011f\u0131n\u0131 gerektirir. Oyuncunun profilini ele almak i\u00e7in zay\u0131f noktalara odaklan\u0131yoruz. Ve s\u00fcrekli olarak bunlara de\u011finmeye odaklan\u0131n.\u00a0<\/p>\n\t<h6>\n\t\t\t\tHizmetler\n\t\t\t<\/h6>\n\t\t\t\t<img decoding=\"async\" data-src=\"https:\/\/www.magnusagency.com\/wp-content\/uploads\/2018\/03\/vertical-separator-free-img.png\" alt=\"vertical-separator-free-img\" title=\"vertical-separator-free-img\" itemprop=\"image\" src=\"data:image\/svg+xml;base64,PHN2ZyB3aWR0aD0iMSIgaGVpZ2h0PSIxIiB4bWxucz0iaHR0cDovL3d3dy53My5vcmcvMjAwMC9zdmciPjwvc3ZnPg==\" class=\"lazyload\" style=\"--smush-placeholder-width: 1px; --smush-placeholder-aspect-ratio: 1\/40;\" \/>\n\t<h2>\n\t\t\t\tSize Bu \u015eekilde Yard\u0131mc\u0131 Olabiliriz.\n\t\t\t<\/h2>\n\t\t<h2>Birlikte odakland\u0131\u011f\u0131m\u0131z alanlar<\/h2>\t\t\t\n\t\t\t\t<p>Bunlar birlikte ve \u00e7al\u0131\u015fmalar\u0131m\u0131z s\u0131ras\u0131nda odakland\u0131\u011f\u0131m\u0131z alanlardan baz\u0131lar\u0131. Oyuncular\u0131m\u0131z\u0131n kariyerlerinde ba\u015far\u0131l\u0131 profesyoneller haline gelmeleri i\u00e7in hedef basit.<\/p>\n\t\t\t<a href=\"https:\/\/www.magnusagency.com\/tr\/working-with-fifa-agent-in-canada\/\" target=\"_self\" role=\"button\" aria-label=\"daha fazla bilgi edin\" rel=\"noopener\">\n\t\t\t\t\t\t\tdaha fazla bilgi edin\n\t\t<\/a>\n\t<ul>\n\t\t\t\t<li>\n                        tactical\n                            0%\n\t\t<\/li>\n\t\t\t\t\t\t\t<li>\n                        Technical.\n                            0%\n\t\t<\/li>\n\t\t\t\t\t\t\t<li>\n                        1 on 1 Sesssion.\n                            0%\n\t\t<\/li>\n\t\t\t\t\t\t\t<li>\n                        Mental preparation\n                            0%\n\t\t<\/li>\n\t\t\t\t\t\t\t<\/ul>\n\t\t\t\t<img decoding=\"async\" data-src=\"https:\/\/www.magnusagency.com\/wp-content\/uploads\/2018\/03\/vertical-separator-free-img.png\" alt=\"vertical-separator-free-img\" title=\"vertical-separator-free-img\" itemprop=\"image\" src=\"data:image\/svg+xml;base64,PHN2ZyB3aWR0aD0iMSIgaGVpZ2h0PSIxIiB4bWxucz0iaHR0cDovL3d3dy53My5vcmcvMjAwMC9zdmciPjwvc3ZnPg==\" class=\"lazyload\" style=\"--smush-placeholder-width: 1px; --smush-placeholder-aspect-ratio: 1\/40;\" \/>\n\t<h2>\n\t\t\t\tYeni oyuncu kabul ediyoruz \/ hemen ba\u015fvurun\n\t\t\t<\/h2>\n\t\t\t<a href=\"https:\/\/www.magnusagency.com\/tr\/contact\/\" target=\"_self\" role=\"button\" aria-label=\"Bize Ula\u015f\u0131n\" rel=\"noopener\">\n\t\t\t\t\t\t\tBize Ula\u015f\u0131n\n\t\t<\/a>","protected":false},"excerpt":{"rendered":"<p>What We Do? we offer platform for youth players to become professional. find out more. opportunities identifying a talent We constantly scout for new talent. Our clients are identified using our in scouting technologies. We constantly identify target players and focus on their development. There is no certain age for scouting, it&#8217;s all about the [&hellip;]<\/p>\n","protected":false},"author":1,"featured_media":0,"parent":0,"menu_order":0,"comment_status":"closed","ping_status":"closed","template":"","meta":{"site-sidebar-layout":"no-sidebar","site-content-layout":"page-builder","ast-site-content-layout":"default","site-content-style":"default","site-sidebar-style":"default","ast-global-header-display":"","ast-banner-title-visibility":"","ast-main-header-display":"","ast-hfb-above-header-display":"","ast-hfb-below-header-display":"","ast-hfb-mobile-header-display":"","site-post-title":"disabled","ast-breadcrumbs-content":"","ast-featured-img":"disabled","footer-sml-layout":"","ast-disable-related-posts":"","theme-transparent-header-meta":"enabled","adv-header-id-meta":"","stick-header-meta":"","header-above-stick-meta":"","header-main-stick-meta":"","header-below-stick-meta":"","astra-migrate-meta-layouts":"default","ast-page-background-enabled":"default","ast-page-background-meta":{"desktop":{"background-color":"","background-image":"","background-repeat":"repeat","background-position":"center center","background-size":"auto","background-attachment":"scroll","background-type":"","background-media":"","overlay-type":"","overlay-color":"","overlay-opacity":"","overlay-gradient":""},"tablet":{"background-color":"","background-image":"","background-repeat":"repeat","background-position":"center center","background-size":"auto","background-attachment":"scroll","background-type":"","background-media":"","overlay-type":"","overlay-color":"","overlay-opacity":"","overlay-gradient":""},"mobile":{"background-color":"","background-image":"","background-repeat":"repeat","background-position":"center center","background-size":"auto","background-attachment":"scroll","background-type":"","background-media":"","overlay-type":"","overlay-color":"","overlay-opacity":"","overlay-gradient":""}},"ast-content-background-meta":{"desktop":{"background-color":"var(--ast-global-color-5)","background-image":"","background-repeat":"repeat","background-position":"center center","background-size":"auto","background-attachment":"scroll","background-type":"","background-media":"","overlay-type":"","overlay-color":"","overlay-opacity":"","overlay-gradient":""},"tablet":{"background-color":"var(--ast-global-color-5)","background-image":"","background-repeat":"repeat","background-position":"center center","background-size":"auto","background-attachment":"scroll","background-type":"","background-media":"","overlay-type":"","overlay-color":"","overlay-opacity":"","overlay-gradient":""},"mobile":{"background-color":"var(--ast-global-color-5)","background-image":"","background-repeat":"repeat","background-position":"center center","background-size":"auto","background-attachment":"scroll","background-type":"","background-media":"","overlay-type":"","overlay-color":"","overlay-opacity":"","overlay-gradient":""}},"footnotes":""},"class_list":["post-26","page","type-page","status-publish","hentry"],"_links":{"self":[{"href":"https:\/\/www.magnusagency.com\/tr\/wp-json\/wp\/v2\/pages\/26","targetHints":{"allow":["GET"]}}],"collection":[{"href":"https:\/\/www.magnusagency.com\/tr\/wp-json\/wp\/v2\/pages"}],"about":[{"href":"https:\/\/www.magnusagency.com\/tr\/wp-json\/wp\/v2\/types\/page"}],"author":[{"embeddable":true,"href":"https:\/\/www.magnusagency.com\/tr\/wp-json\/wp\/v2\/users\/1"}],"replies":[{"embeddable":true,"href":"https:\/\/www.magnusagency.com\/tr\/wp-json\/wp\/v2\/comments?post=26"}],"version-history":[{"count":15,"href":"https:\/\/www.magnusagency.com\/tr\/wp-json\/wp\/v2\/pages\/26\/revisions"}],"predecessor-version":[{"id":1475,"href":"https:\/\/www.magnusagency.com\/tr\/wp-json\/wp\/v2\/pages\/26\/revisions\/1475"}],"wp:attachment":[{"href":"https:\/\/www.magnusagency.com\/tr\/wp-json\/wp\/v2\/media?parent=26"}],"curies":[{"name":"wp","href":"https:\/\/api.w.org\/{rel}","templated":true}]}}