{"id":27,"date":"2017-10-12T16:32:00","date_gmt":"2017-10-12T16:32:00","guid":{"rendered":"https:\/\/websitedemos.net\/wordpress-agency-04\/?page_id=27"},"modified":"2023-12-21T16:52:52","modified_gmt":"2023-12-21T16:52:52","slug":"coaching","status":"publish","type":"page","link":"https:\/\/www.magnusagency.com\/tr\/coaching\/","title":{"rendered":"Antren\u00f6rl\u00fck"},"content":{"rendered":"<h3>Antren\u00f6rl\u00fck<\/h3><h1>Taktik konumland\u0131rma \/ teknik oturumlar. 1'e 1 ko\u00e7luk<\/h1>\n\t\t\t\t<a href=\"https:\/\/www.magnusagency.com\/tr\/working-with-fifa-agent-in-canada\/\" target=\"_self\" rel=\"noopener\">Daha fazlas\u0131n\u0131 bul.<\/a>\t\t\t\n\t\t\t\t<img decoding=\"async\" data-src=\"https:\/\/www.magnusagency.com\/wp-content\/uploads\/2018\/03\/vertical-separator-free-img.png\" alt=\"vertical-separator-free-img\" title=\"vertical-separator-free-img\" itemprop=\"image\" src=\"data:image\/svg+xml;base64,PHN2ZyB3aWR0aD0iMSIgaGVpZ2h0PSIxIiB4bWxucz0iaHR0cDovL3d3dy53My5vcmcvMjAwMC9zdmciPjwvc3ZnPg==\" class=\"lazyload\" style=\"--smush-placeholder-width: 1px; --smush-placeholder-aspect-ratio: 1\/40;\" \/>\n\t<h2>\n\t\t\t\tYeni oyuncu kabul ediyoruz \/ hemen ba\u015fvurun\n\t\t\t<\/h2>\n\t\t\t<a href=\"#\" target=\"_self\" role=\"button\" aria-label=\"Bize Ula\u015f\u0131n\" rel=\"noopener\">\n\t\t\t\t\t\t\t\t\t\t\tBize Ula\u015f\u0131n\n\t\t<\/a>","protected":false},"excerpt":{"rendered":"<p>Coaching tactical positioning \/ technical sessions. 1 on 1 coaching find out more. We are accepting new players Contact Us.<\/p>","protected":false},"author":1,"featured_media":0,"parent":0,"menu_order":0,"comment_status":"closed","ping_status":"closed","template":"","meta":{"site-sidebar-layout":"no-sidebar","site-content-layout":"page-builder","ast-site-content-layout":"default","site-content-style":"default","site-sidebar-style":"default","ast-global-header-display":"","ast-banner-title-visibility":"","ast-main-header-display":"","ast-hfb-above-header-display":"","ast-hfb-below-header-display":"","ast-hfb-mobile-header-display":"","site-post-title":"disabled","ast-breadcrumbs-content":"","ast-featured-img":"disabled","footer-sml-layout":"","ast-disable-related-posts":"","theme-transparent-header-meta":"enabled","adv-header-id-meta":"","stick-header-meta":"","header-above-stick-meta":"","header-main-stick-meta":"","header-below-stick-meta":"","astra-migrate-meta-layouts":"default","ast-page-background-enabled":"default","ast-page-background-meta":{"desktop":{"background-color":"","background-image":"","background-repeat":"repeat","background-position":"center center","background-size":"auto","background-attachment":"scroll","background-type":"","background-media":"","overlay-type":"","overlay-color":"","overlay-opacity":"","overlay-gradient":""},"tablet":{"background-color":"","background-image":"","background-repeat":"repeat","background-position":"center center","background-size":"auto","background-attachment":"scroll","background-type":"","background-media":"","overlay-type":"","overlay-color":"","overlay-opacity":"","overlay-gradient":""},"mobile":{"background-color":"","background-image":"","background-repeat":"repeat","background-position":"center center","background-size":"auto","background-attachment":"scroll","background-type":"","background-media":"","overlay-type":"","overlay-color":"","overlay-opacity":"","overlay-gradient":""}},"ast-content-background-meta":{"desktop":{"background-color":"var(--ast-global-color-5)","background-image":"","background-repeat":"repeat","background-position":"center center","background-size":"auto","background-attachment":"scroll","background-type":"","background-media":"","overlay-type":"","overlay-color":"","overlay-opacity":"","overlay-gradient":""},"tablet":{"background-color":"var(--ast-global-color-5)","background-image":"","background-repeat":"repeat","background-position":"center center","background-size":"auto","background-attachment":"scroll","background-type":"","background-media":"","overlay-type":"","overlay-color":"","overlay-opacity":"","overlay-gradient":""},"mobile":{"background-color":"var(--ast-global-color-5)","background-image":"","background-repeat":"repeat","background-position":"center center","background-size":"auto","background-attachment":"scroll","background-type":"","background-media":"","overlay-type":"","overlay-color":"","overlay-opacity":"","overlay-gradient":""}},"footnotes":""},"class_list":["post-27","page","type-page","status-publish","hentry"],"_links":{"self":[{"href":"https:\/\/www.magnusagency.com\/tr\/wp-json\/wp\/v2\/pages\/27","targetHints":{"allow":["GET"]}}],"collection":[{"href":"https:\/\/www.magnusagency.com\/tr\/wp-json\/wp\/v2\/pages"}],"about":[{"href":"https:\/\/www.magnusagency.com\/tr\/wp-json\/wp\/v2\/types\/page"}],"author":[{"embeddable":true,"href":"https:\/\/www.magnusagency.com\/tr\/wp-json\/wp\/v2\/users\/1"}],"replies":[{"embeddable":true,"href":"https:\/\/www.magnusagency.com\/tr\/wp-json\/wp\/v2\/comments?post=27"}],"version-history":[{"count":12,"href":"https:\/\/www.magnusagency.com\/tr\/wp-json\/wp\/v2\/pages\/27\/revisions"}],"predecessor-version":[{"id":1471,"href":"https:\/\/www.magnusagency.com\/tr\/wp-json\/wp\/v2\/pages\/27\/revisions\/1471"}],"wp:attachment":[{"href":"https:\/\/www.magnusagency.com\/tr\/wp-json\/wp\/v2\/media?parent=27"}],"curies":[{"name":"wp","href":"https:\/\/api.w.org\/{rel}","templated":true}]}}